{"id":7,"date":"2024-01-25T07:33:34","date_gmt":"2024-01-25T07:33:34","guid":{"rendered":"http:\/\/www.zumetabikerace.es\/?page_id=7"},"modified":"2026-04-16T06:24:33","modified_gmt":"2026-04-16T06:24:33","slug":"inicio","status":"publish","type":"page","link":"https:\/\/www.zumetabikerace.es\/","title":{"rendered":"Inicio"},"content":{"rendered":"\t\t<div data-elementor-type=\"wp-page\" data-elementor-id=\"7\" class=\"elementor elementor-7\">\n\t\t\t\t<div class=\"elementor-element elementor-element-0f46a33 e-flex e-con-boxed e-con e-parent\" data-id=\"0f46a33\" data-element_type=\"container\" data-e-type=\"container\">\n\t\t\t\t\t<div class=\"e-con-inner\">\n\t\t\t\t<div class=\"elementor-element elementor-element-956b192 elementor-widget elementor-widget-text-editor\" data-id=\"956b192\" data-element_type=\"widget\" data-e-type=\"widget\" data-widget_type=\"text-editor.default\">\n\t\t\t\t\t\t\t\t\t<div>\n<p style=\"text-align: left;\">\u00a0 \u00a0 \u00a0 \u00a0 \u00a0 \u00a0 \u00a0 \u00a0 \u00a0 \u00a0 \u00a0 \u00a0 \u00a0 \u00a0 \u00a0 \u00a0 \u00a0 \u00a0 \u00a0<img decoding=\"async\" src=\"https:\/\/www.zumetabikerace.es\/wp-content\/uploads\/2025\/10\/tick-300x300.png\" alt=\"\" width=\"80\" height=\"80\" \/><\/p>\n<h3 style=\"text-align: center;\">Circuito Provincial<\/h3>\n<p style=\"text-align: center;\"><em>Por tercer a\u00f1o consecutivo, forma parte del Circuito Provincial de Ja\u00e9n XCM Series 2025. El <a href=\"https:\/\/andaluciaciclismo.com\/index.php\/es\/smartweb\/seccion\/noticiacircuito\/andalucia\/6822-Fechas-del-Circuito-Provincial-de-Jaen-BTT-Maraton-2024-\">Circuito<\/a> lo conforman 7 pruebas repartidas entre los meses de marzo y <\/em>septiembre. Consulta la <a href=\"https:\/\/yosoyciclista.s3.amazonaws.com\/documentos\/circuitos\/1598\/doc_67a489ba415ab9.43409179_NORMATIVA_XCM_SERIES_2025_JAEN.pdf\" target=\"_blank\" rel=\"noreferrer noopener\">normativa<\/a>.<\/p>\n<div style=\"height: 20px; text-align: center;\" aria-hidden=\"true\">\u00a0<\/div>\n<\/div>\n<div>\n<h3>\u00a0 \u00a0 \u00a0 \u00a0 \u00a0 \u00a0 \u00a0 \u00a0 \u00a0 \u00a0 \u00a0 <img decoding=\"async\" style=\"color: #7a7a7a; font-family: Roboto, sans-serif; font-weight: 400; text-align: start; font-size: 16px;\" src=\"https:\/\/www.zumetabikerace.es\/wp-content\/uploads\/2025\/10\/tick-300x300.png\" alt=\"\" width=\"80\" height=\"80\" \/>\u00a0<\/h3>\n<h3 style=\"text-align: center;\">Parque Natural CSV<\/h3>\n<p style=\"text-align: center;\"><em>Se desarrolla en el interior del Parque Natural de Cazorla, Segura y las Villas, m\u00e1s concretamente en la Sierra de Segura y exclusivamente en el t\u00e9rmino municipal de Santiago-Pontones.<\/em><\/p>\n<div style=\"height: 20px;\" aria-hidden=\"true\">\u00a0<\/div>\n<\/div>\n<div>\n<h3>\u00a0 \u00a0 \u00a0 \u00a0 \u00a0 \u00a0 \u00a0 \u00a0 \u00a0 \u00a0 \u00a0 \u00a0<img decoding=\"async\" style=\"color: #7a7a7a; font-family: Roboto, sans-serif; font-weight: 400; font-size: 16px;\" src=\"https:\/\/www.zumetabikerace.es\/wp-content\/uploads\/2025\/10\/tick-300x300.png\" alt=\"\" width=\"80\" height=\"80\" \/><\/h3>\n<h3 style=\"text-align: center;\">Organizaci\u00f3n<\/h3>\n<p style=\"text-align: center;\"><em>Se organiza desde el \u00c1rea de Deportes del Ayuntamiento de Santiago-Pontones, amparada bajo el marco de la <a href=\"https:\/\/andaluciaciclismo.com\/index.php\/es\/smartweb\/seccion\/seccion\/andalucia\/inicio\" target=\"_blank\" rel=\"noreferrer noopener\">Federaci\u00f3n Andaluza de Ciclismo<\/a> (FAC) y con la colaboraci\u00f3n de la <a href=\"https:\/\/www.dipujaen.es\/\" target=\"_blank\" rel=\"noreferrer noopener\">Diputaci\u00f3n Provincial de Ja\u00e9n<\/a> y del <a href=\"https:\/\/sierradesegura.com\/\" target=\"_blank\" rel=\"noreferrer noopener\">Grupo de Desarrollo Rural Sierra de Segura<\/a>.<\/em><\/p>\n<\/div>\t\t\t\t\t\t\t\t<\/div>\n\t\t\t\t\t<\/div>\n\t\t\t\t<\/div>\n\t\t<div class=\"elementor-element elementor-element-2f228c4 e-flex e-con-boxed e-con e-parent\" data-id=\"2f228c4\" data-element_type=\"container\" data-e-type=\"container\">\n\t\t\t\t\t<div class=\"e-con-inner\">\n\t\t\t\t<div class=\"elementor-element elementor-element-c24c57c elementor-widget elementor-widget-image\" data-id=\"c24c57c\" data-element_type=\"widget\" data-e-type=\"widget\" data-widget_type=\"image.default\">\n\t\t\t\t\t\t\t\t\t\t\t\t\t\t\t<img loading=\"lazy\" decoding=\"async\" width=\"768\" height=\"1086\" src=\"https:\/\/www.zumetabikerace.es\/wp-content\/uploads\/2026\/04\/cartel2026_200-4.png\" class=\"attachment-medium_large size-medium_large wp-image-4562\" alt=\"\" srcset=\"https:\/\/www.zumetabikerace.es\/wp-content\/uploads\/2026\/04\/cartel2026_200-4.png 1654w, https:\/\/www.zumetabikerace.es\/wp-content\/uploads\/2026\/04\/cartel2026_200-4-212x300.png 212w, https:\/\/www.zumetabikerace.es\/wp-content\/uploads\/2026\/04\/cartel2026_200-4-724x1024.png 724w, https:\/\/www.zumetabikerace.es\/wp-content\/uploads\/2026\/04\/cartel2026_200-4-1086x1536.png 1086w\" sizes=\"100vw\" \/>\t\t\t\t\t\t\t\t\t\t\t\t\t\t\t<\/div>\n\t\t\t\t\t<\/div>\n\t\t\t\t<\/div>\n\t\t<div class=\"elementor-element elementor-element-63509bf6 e-flex e-con-boxed e-con e-parent\" data-id=\"63509bf6\" data-element_type=\"container\" data-e-type=\"container\">\n\t\t\t\t\t<div class=\"e-con-inner\">\n\t\t\t\t<div class=\"elementor-element elementor-element-7c1c361b elementor-widget__width-initial elementor-widget elementor-widget-text-editor\" data-id=\"7c1c361b\" data-element_type=\"widget\" data-e-type=\"widget\" data-widget_type=\"text-editor.default\">\n\t\t\t\t\t\t\t\t\t<div style=\"padding-left: 400px; text-align: center;\" aria-hidden=\"true\">&nbsp;<\/div>\n<p style=\"padding-left: 40px;\">\n<\/p><div class=\"wp-block-cover alignwide is-light\" style=\"min-height: 420px; padding-left: 40px;\">\n<div class=\"wp-block-cover__inner-container\" style=\"padding-left: 40px;\">\n<div class=\"wp-block-group alignwide\" style=\"padding-left: 40px;\">\n<div class=\"wp-block-columns\" style=\"padding-left: 40px;\">\n<div class=\"wp-block-column\" style=\"flex-basis: 335px; padding-left: 40px;\" data-wp-editing=\"1\">\n<figure class=\"wp-block-image aligncenter size-full is-resized is-style-rounded\" style=\"padding-left: 40px;\">&nbsp; &nbsp; &nbsp;<img loading=\"lazy\" decoding=\"async\" class=\"alignleft wp-image-451\" style=\"width: 235px;\" src=\"https:\/\/www.zumetabikerace.es\/wp-content\/uploads\/2024\/02\/recorrido-5.png\" alt=\"\" width=\"282\" height=\"282\" srcset=\"https:\/\/www.zumetabikerace.es\/wp-content\/uploads\/2024\/02\/recorrido-5.png 235w, https:\/\/www.zumetabikerace.es\/wp-content\/uploads\/2024\/02\/recorrido-5-150x150.png 150w\" sizes=\"(max-width: 282px) 100vw, 282px\" \/><\/figure>\n<p class=\"has-text-align-center has-primary-color has-text-color has-link-color\" style=\"padding-left: 40px;\">Aunque se trata de un \u00fanico recorrido, puedes elegir si hacer la carrera al completo o acortarla.<\/p>\n<p class=\"has-text-align-center has-primary-color has-text-color has-link-color\" style=\"padding-left: 40px;\">Consulta todo acerca del recorrido de la prueba y los datos t\u00e9cnicos de la misma en este apartado.<\/p>\n<p class=\"has-text-align-center has-primary-color has-text-color has-link-color\" style=\"padding-left: 40px;\">\u00a1Que no te lo cuenten!<\/p>\n<p class=\"has-text-align-center has-primary-color has-text-color has-link-color\" style=\"padding-left: 40px;\"><a class=\"wp-block-button__link has-secondary-color has-primary-background-color has-text-color has-background has-link-color wp-element-button\" href=\"https:\/\/www.zumetabikerace.es\/?page_id=10\">LEER M\u00c1S<\/a><\/p>\n<\/div>\n<div class=\"wp-block-column\" style=\"flex-basis: 335px; padding-left: 40px;\">\n<figure class=\"wp-block-image aligncenter size-full is-resized has-custom-border is-style-rounded\" style=\"padding-left: 40px;\">&nbsp; &nbsp; &nbsp;<img loading=\"lazy\" decoding=\"async\" class=\"aligncenter wp-image-448\" style=\"border-style: none; border-width: 0px; width: 235px;\" src=\"https:\/\/www.zumetabikerace.es\/wp-content\/uploads\/2024\/02\/inscripciones-4.png\" alt=\"\" width=\"235\" height=\"235\" srcset=\"https:\/\/www.zumetabikerace.es\/wp-content\/uploads\/2024\/02\/inscripciones-4.png 235w, https:\/\/www.zumetabikerace.es\/wp-content\/uploads\/2024\/02\/inscripciones-4-150x150.png 150w\" sizes=\"(max-width: 235px) 100vw, 235px\" \/><\/figure>\n<p class=\"has-text-align-center has-primary-color has-text-color has-link-color\" style=\"padding-left: 40px;\">\u00a1Inscr\u00edbete en una de las pruebas m\u00e1s bonitas del Circuito Provincial!<\/p>\n<p class=\"has-text-align-center has-primary-color has-text-color has-link-color\" style=\"padding-left: 40px;\">Y ojo&#8230; No lo decimos nosotros, lo dicen los participantes de la prueba que han recorrido la mayor\u00eda de carreras de todo el Circuito.<\/p>\n<p class=\"has-text-align-center has-primary-color has-text-color has-link-color\" style=\"padding-left: 40px;\">\u00bfTe lo vas a perder?<\/p>\n<p class=\"has-text-align-center has-primary-color has-text-color has-link-color\" style=\"padding-left: 40px;\"><a class=\"wp-block-button__link has-secondary-color has-foreground-background-color has-text-color has-background has-link-color has-text-align-center wp-element-button\" href=\"https:\/\/www.zumetabikerace.es\/?page_id=8\">LEER M\u00c1S<\/a><\/p>\n<\/div>\n<div class=\"wp-block-column\" style=\"flex-basis: 315px; padding-left: 40px;\">\n<figure class=\"wp-block-image aligncenter size-full is-resized is-style-rounded\" style=\"padding-left: 40px;\"><img loading=\"lazy\" decoding=\"async\" class=\"alignright wp-image-449\" src=\"https:\/\/www.zumetabikerace.es\/wp-content\/uploads\/2024\/02\/informacion-1.png\" alt=\"\" width=\"235\" height=\"235\" style=\"color: inherit; width: 235px;\" srcset=\"https:\/\/www.zumetabikerace.es\/wp-content\/uploads\/2024\/02\/informacion-1.png 235w, https:\/\/www.zumetabikerace.es\/wp-content\/uploads\/2024\/02\/informacion-1-150x150.png 150w\" sizes=\"(max-width: 235px) 100vw, 235px\" \/><\/figure>\n<figure class=\"wp-block-image aligncenter size-full is-resized is-style-rounded\" style=\"padding-left: 40px;\"><span style=\"color: #101010;\">&nbsp;<\/span><span style=\"color: rgb(16, 16, 16);\">Aqu\u00ed podr\u00e1s encontrar informaci\u00f3n sobre el municipio.<\/span><\/figure>\n<p class=\"has-text-align-center has-primary-color has-text-color has-link-color\" style=\"padding-left: 40px;\">Lugares donde poder alojarte y comer para que puedas planificar tu viaje cuando nos visites. Y otras muchas cosas m\u00e1s&#8230;<\/p>\n<p class=\"has-text-align-center has-primary-color has-text-color has-link-color\" style=\"padding-left: 40px;\">\u00bfA qu\u00e9 esperas para echarle un vistazo?<\/p>\n<p class=\"has-text-align-center has-primary-color has-text-color has-link-color\" style=\"padding-left: 40px;\"><a class=\"wp-block-button__link has-secondary-color has-primary-background-color has-text-color has-background has-link-color has-text-align-center wp-element-button\" href=\"https:\/\/mosaicoinfinito.es\/#\" target=\"_blank\" rel=\"noreferrer noopener\">LEER M\u00c1S<\/a><\/p>\n<\/div>\n<\/div>\n<\/div>\n<div class=\"wp-block-spacer\" style=\"height: 30px; padding-left: 40px;\" aria-hidden=\"true\">&nbsp;<\/div>\n<\/div>\n<\/div>\n<p><!-- \/wp:cover --><!-- wp:spacer {\"height\":\"69px\"} --><\/p>\n<figure class=\"wp-block-image aligncenter is-resized\"><\/figure>\n<p><!-- \/wp:image --><\/p>\t\t\t\t\t\t\t\t<\/div>\n\t\t\t\t<div class=\"elementor-element elementor-element-2557a89 elementor-widget elementor-widget-text-editor\" data-id=\"2557a89\" data-element_type=\"widget\" data-e-type=\"widget\" data-widget_type=\"text-editor.default\">\n\t\t\t\t\t\t\t\t\t<div class=\"wp-block-spacer\" style=\"height: 69px; text-align: center;\" aria-hidden=\"true\">\u00a0<strong><span style=\"color: inherit; font-family: Onest, sans-serif; font-size: 24px; text-transform: uppercase;\">Kil\u00f3metros de pureza y dureza te esperan en<\/span><\/strong><\/div>\n<div class=\"wp-block-cover alignfull is-light\" style=\"min-height: 300px;\">\n<div class=\"wp-block-cover__inner-container\">\n<p style=\"text-align: center;\"><strong><!-- \/wp:heading --><!-- wp:group {\"layout\":{\"type\":\"constrained\"}} --><\/strong><\/p>\n<div class=\"wp-block-group\" style=\"text-align: center;\">\n<p><strong><!-- wp:paragraph --><\/strong><\/p>\n<p><strong><!-- \/wp:paragraph --><\/strong><\/p>\n<\/div>\n<p style=\"text-align: center;\"><strong><!-- \/wp:group --><!-- wp:paragraph {\"align\":\"center\",\"style\":{\"elements\":{\"link\":{\"color\":{\"text\":\"var:preset|color|secondary\"}}}},\"textColor\":\"secondary\",\"fontSize\":\"x-large\"} --><\/strong><\/p>\n<p class=\"has-text-align-center has-secondary-color has-text-color has-link-color has-x-large-font-size\" style=\"text-align: center;\"><strong>SANTIAGO-PONTONES<\/strong><\/p>\n<p><!-- \/wp:paragraph --><!-- wp:spacer {\"height\":\"40px\"} --><\/p>\n<p><!-- \/wp:spacer --><!-- wp:image {\"id\":360,\"width\":\"169px\",\"height\":\"auto\",\"sizeSlug\":\"medium\",\"linkDestination\":\"none\",\"align\":\"center\",\"style\":{\"color\":[]}} --><\/p>\n<figure class=\"wp-block-image aligncenter size-medium is-resized\"><img loading=\"lazy\" decoding=\"async\" width=\"300\" height=\"201\" class=\"wp-image-360\" style=\"width: 169px; height: auto;\" src=\"https:\/\/www.zumetabikerace.es\/wp-content\/uploads\/2024\/02\/logo_stgo_vectorizado_letrablanca-300x201.png\" alt=\"\" srcset=\"https:\/\/www.zumetabikerace.es\/wp-content\/uploads\/2024\/02\/logo_stgo_vectorizado_letrablanca-300x201.png 300w, https:\/\/www.zumetabikerace.es\/wp-content\/uploads\/2024\/02\/logo_stgo_vectorizado_letrablanca-1024x687.png 1024w, https:\/\/www.zumetabikerace.es\/wp-content\/uploads\/2024\/02\/logo_stgo_vectorizado_letrablanca-768x515.png 768w, https:\/\/www.zumetabikerace.es\/wp-content\/uploads\/2024\/02\/logo_stgo_vectorizado_letrablanca-930x620.png 930w, https:\/\/www.zumetabikerace.es\/wp-content\/uploads\/2024\/02\/logo_stgo_vectorizado_letrablanca.png 1495w\" sizes=\"(max-width: 300px) 100vw, 300px\" \/><\/figure>\n<\/div>\n<\/div>\n<p><!-- \/wp:spacer --><!-- wp:image {\"width\":\"167px\",\"height\":\"auto\",\"linkDestination\":\"custom\",\"align\":\"center\"} --><\/p>\n<figure class=\"wp-block-image aligncenter is-resized\"><a href=\"https:\/\/www.contadorvisitasgratis.com\"><img decoding=\"async\" style=\"width: 167px; height: auto;\" title=\"contador de visitas\" src=\"https:\/\/counter1.optistats.ovh\/private\/contadorvisitasgratis.php?c=4tw6rrx7m9anza41cqkfjb7nkaus9e6z\" alt=\"contador de visitas\" \/><\/a><\/figure>\t\t\t\t\t\t\t\t<\/div>\n\t\t\t\t\t<\/div>\n\t\t\t\t<\/div>\n\t\t\t\t<\/div>\n\t\t","protected":false},"excerpt":{"rendered":"<p>\u00a0 \u00a0 \u00a0 \u00a0 \u00a0 \u00a0 \u00a0 \u00a0 \u00a0 \u00a0 \u00a0 \u00a0 \u00a0 \u00a0 \u00a0 \u00a0 \u00a0 \u00a0 \u00a0 Circuito Provincial Por tercer a\u00f1o consecutivo, forma parte del Circuito Provincial de Ja\u00e9n XCM Series 2025. El Circuito lo conforman 7 pruebas repartidas entre los meses de marzo y septiembre. Consulta la normativa. \u00a0 \u00a0 \u00a0 &hellip; <\/p>\n<p class=\"link-more\"><a href=\"https:\/\/www.zumetabikerace.es\/\" class=\"more-link\">Leer m\u00e1s<span class=\"screen-reader-text\"> \u00abInicio\u00bb<\/span><\/a><\/p>\n","protected":false},"author":1,"featured_media":0,"parent":0,"menu_order":0,"comment_status":"closed","ping_status":"closed","template":"","meta":{"inspiro_hide_title":false,"footnotes":""},"class_list":["post-7","page","type-page","status-publish","hentry"],"_links":{"self":[{"href":"https:\/\/www.zumetabikerace.es\/index.php?rest_route=\/wp\/v2\/pages\/7","targetHints":{"allow":["GET"]}}],"collection":[{"href":"https:\/\/www.zumetabikerace.es\/index.php?rest_route=\/wp\/v2\/pages"}],"about":[{"href":"https:\/\/www.zumetabikerace.es\/index.php?rest_route=\/wp\/v2\/types\/page"}],"author":[{"embeddable":true,"href":"https:\/\/www.zumetabikerace.es\/index.php?rest_route=\/wp\/v2\/users\/1"}],"replies":[{"embeddable":true,"href":"https:\/\/www.zumetabikerace.es\/index.php?rest_route=%2Fwp%2Fv2%2Fcomments&post=7"}],"version-history":[{"count":146,"href":"https:\/\/www.zumetabikerace.es\/index.php?rest_route=\/wp\/v2\/pages\/7\/revisions"}],"predecessor-version":[{"id":4571,"href":"https:\/\/www.zumetabikerace.es\/index.php?rest_route=\/wp\/v2\/pages\/7\/revisions\/4571"}],"wp:attachment":[{"href":"https:\/\/www.zumetabikerace.es\/index.php?rest_route=%2Fwp%2Fv2%2Fmedia&parent=7"}],"curies":[{"name":"wp","href":"https:\/\/api.w.org\/{rel}","templated":true}]}}